{"id":9,"date":"2025-04-11T10:14:14","date_gmt":"2025-04-11T10:14:14","guid":{"rendered":"https:\/\/signum-neurologopedia.pl\/?page_id=9"},"modified":"2025-04-11T10:39:23","modified_gmt":"2025-04-11T10:39:23","slug":"strona-glowna","status":"publish","type":"page","link":"https:\/\/signum-neurologopedia.pl\/","title":{"rendered":"Strona g\u0142\u00f3wna"},"content":{"rendered":"\n<p>Witamy na stronie gabinetu neurologopedycznego Signum. Zach\u0119camy do zapoznania si\u0119 z ofert\u0105.<\/p>\n","protected":false},"excerpt":{"rendered":"<p>Witamy na stronie gabinetu neurologopedycznego Signum. Zach\u0119camy do zapoznania si\u0119 z ofert\u0105.<\/p>\n","protected":false},"author":1,"featured_media":0,"parent":0,"menu_order":0,"comment_status":"closed","ping_status":"closed","template":"","meta":{"footnotes":""},"class_list":["post-9","page","type-page","status-publish","hentry"],"_links":{"self":[{"href":"https:\/\/signum-neurologopedia.pl\/index.php?rest_route=\/wp\/v2\/pages\/9","targetHints":{"allow":["GET"]}}],"collection":[{"href":"https:\/\/signum-neurologopedia.pl\/index.php?rest_route=\/wp\/v2\/pages"}],"about":[{"href":"https:\/\/signum-neurologopedia.pl\/index.php?rest_route=\/wp\/v2\/types\/page"}],"author":[{"embeddable":true,"href":"https:\/\/signum-neurologopedia.pl\/index.php?rest_route=\/wp\/v2\/users\/1"}],"replies":[{"embeddable":true,"href":"https:\/\/signum-neurologopedia.pl\/index.php?rest_route=%2Fwp%2Fv2%2Fcomments&post=9"}],"version-history":[{"count":2,"href":"https:\/\/signum-neurologopedia.pl\/index.php?rest_route=\/wp\/v2\/pages\/9\/revisions"}],"predecessor-version":[{"id":33,"href":"https:\/\/signum-neurologopedia.pl\/index.php?rest_route=\/wp\/v2\/pages\/9\/revisions\/33"}],"wp:attachment":[{"href":"https:\/\/signum-neurologopedia.pl\/index.php?rest_route=%2Fwp%2Fv2%2Fmedia&parent=9"}],"curies":[{"name":"wp","href":"https:\/\/api.w.org\/{rel}","templated":true}]}}